{"id":4936,"date":"2020-10-19T16:22:52","date_gmt":"2020-10-19T15:22:52","guid":{"rendered":"https:\/\/dev.guiasoficialescv.es\/?page_id=4936"},"modified":"2020-10-19T16:22:57","modified_gmt":"2020-10-19T15:22:57","slug":"guides","status":"publish","type":"page","link":"https:\/\/dev.guiasoficialescv.es\/en\/guides\/","title":{"rendered":"Guides"},"content":{"rendered":"","protected":false},"excerpt":{"rendered":"","protected":false},"author":800,"featured_media":0,"parent":0,"menu_order":0,"comment_status":"closed","ping_status":"closed","template":"page-templates\/full-width.php","meta":{"_acf_changed":false,"_bbp_topic_count":0,"_bbp_reply_count":0,"_bbp_total_topic_count":0,"_bbp_total_reply_count":0,"_bbp_voice_count":0,"_bbp_anonymous_reply_count":0,"_bbp_topic_count_hidden":0,"_bbp_reply_count_hidden":0,"_bbp_forum_subforum_count":0,"footnotes":""},"class_list":["post-4936","page","type-page","status-publish","hentry"],"acf":[],"yoast_head":"<!-- This site is optimized with the Yoast SEO plugin v27.3 - https:\/\/yoast.com\/product\/yoast-seo-wordpress\/ -->\n<title>Guides &#8211; Gu\u00edas Tur\u00edsticos Oficiales Comunidad Valenciana<\/title>\n<meta name=\"robots\" content=\"noindex, follow, max-snippet:-1, max-image-preview:large, max-video-preview:-1\" \/>\n<meta property=\"og:locale\" content=\"en_US\" \/>\n<meta property=\"og:type\" content=\"article\" \/>\n<meta property=\"og:title\" content=\"Guides &#8211; Gu\u00edas Tur\u00edsticos Oficiales Comunidad Valenciana\" \/>\n<meta property=\"og:url\" content=\"https:\/\/dev.guiasoficialescv.es\/en\/guides\/\" \/>\n<meta property=\"og:site_name\" content=\"Gu\u00edas Tur\u00edsticos Oficiales Comunidad Valenciana\" \/>\n<meta property=\"article:publisher\" content=\"https:\/\/www.facebook.com\/GuiasOficialesCV\" \/>\n<meta property=\"article:modified_time\" content=\"2020-10-19T15:22:57+00:00\" \/>\n<meta name=\"twitter:card\" content=\"summary_large_image\" \/>\n<script type=\"application\/ld+json\" class=\"yoast-schema-graph\">{\"@context\":\"https:\\\/\\\/schema.org\",\"@graph\":[{\"@type\":\"WebPage\",\"@id\":\"https:\\\/\\\/dev.guiasoficialescv.es\\\/en\\\/guides\\\/\",\"url\":\"https:\\\/\\\/dev.guiasoficialescv.es\\\/en\\\/guides\\\/\",\"name\":\"Guides &#8211; Gu\u00edas Tur\u00edsticos Oficiales Comunidad Valenciana\",\"isPartOf\":{\"@id\":\"https:\\\/\\\/dev.guiasoficialescv.es\\\/en\\\/#website\"},\"datePublished\":\"2020-10-19T15:22:52+00:00\",\"dateModified\":\"2020-10-19T15:22:57+00:00\",\"breadcrumb\":{\"@id\":\"https:\\\/\\\/dev.guiasoficialescv.es\\\/en\\\/guides\\\/#breadcrumb\"},\"inLanguage\":\"en-US\",\"potentialAction\":[{\"@type\":\"ReadAction\",\"target\":[\"https:\\\/\\\/dev.guiasoficialescv.es\\\/en\\\/guides\\\/\"]}]},{\"@type\":\"BreadcrumbList\",\"@id\":\"https:\\\/\\\/dev.guiasoficialescv.es\\\/en\\\/guides\\\/#breadcrumb\",\"itemListElement\":[{\"@type\":\"ListItem\",\"position\":1,\"name\":\"Home\",\"item\":\"https:\\\/\\\/dev.guiasoficialescv.es\\\/en\\\/\"},{\"@type\":\"ListItem\",\"position\":2,\"name\":\"Guides\"}]},{\"@type\":\"WebSite\",\"@id\":\"https:\\\/\\\/dev.guiasoficialescv.es\\\/en\\\/#website\",\"url\":\"https:\\\/\\\/dev.guiasoficialescv.es\\\/en\\\/\",\"name\":\"Gu\u00edas Tur\u00edsticos Oficiales Comunidad Valenciana\",\"description\":\"Asociaci\u00f3n de Gu\u00edas Oficiales de Turismo en la Comunidad Valenciana\",\"publisher\":{\"@id\":\"https:\\\/\\\/dev.guiasoficialescv.es\\\/en\\\/#organization\"},\"potentialAction\":[{\"@type\":\"SearchAction\",\"target\":{\"@type\":\"EntryPoint\",\"urlTemplate\":\"https:\\\/\\\/dev.guiasoficialescv.es\\\/en\\\/?s={search_term_string}\"},\"query-input\":{\"@type\":\"PropertyValueSpecification\",\"valueRequired\":true,\"valueName\":\"search_term_string\"}}],\"inLanguage\":\"en-US\"},{\"@type\":\"Organization\",\"@id\":\"https:\\\/\\\/dev.guiasoficialescv.es\\\/en\\\/#organization\",\"name\":\"Asociaci\u00f3n Gu\u00edas Oficiales de la Comunidad Valenciana\",\"url\":\"https:\\\/\\\/dev.guiasoficialescv.es\\\/en\\\/\",\"logo\":{\"@type\":\"ImageObject\",\"inLanguage\":\"en-US\",\"@id\":\"https:\\\/\\\/dev.guiasoficialescv.es\\\/en\\\/#\\\/schema\\\/logo\\\/image\\\/\",\"url\":\"https:\\\/\\\/dev.guiasoficialescv.es\\\/wp-content\\\/uploads\\\/2023\\\/08\\\/logotipo-guias-oficiales-comunitat-valenciana.jpg\",\"contentUrl\":\"https:\\\/\\\/dev.guiasoficialescv.es\\\/wp-content\\\/uploads\\\/2023\\\/08\\\/logotipo-guias-oficiales-comunitat-valenciana.jpg\",\"width\":450,\"height\":450,\"caption\":\"Asociaci\u00f3n Gu\u00edas Oficiales de la Comunidad Valenciana\"},\"image\":{\"@id\":\"https:\\\/\\\/dev.guiasoficialescv.es\\\/en\\\/#\\\/schema\\\/logo\\\/image\\\/\"},\"sameAs\":[\"https:\\\/\\\/www.facebook.com\\\/GuiasOficialesCV\"]}]}<\/script>\n<!-- \/ Yoast SEO plugin. -->","yoast_head_json":{"title":"Guides &#8211; Gu\u00edas Tur\u00edsticos Oficiales Comunidad Valenciana","robots":{"index":"noindex","follow":"follow","max-snippet":"max-snippet:-1","max-image-preview":"max-image-preview:large","max-video-preview":"max-video-preview:-1"},"og_locale":"en_US","og_type":"article","og_title":"Guides &#8211; Gu\u00edas Tur\u00edsticos Oficiales Comunidad Valenciana","og_url":"https:\/\/dev.guiasoficialescv.es\/en\/guides\/","og_site_name":"Gu\u00edas Tur\u00edsticos Oficiales Comunidad Valenciana","article_publisher":"https:\/\/www.facebook.com\/GuiasOficialesCV","article_modified_time":"2020-10-19T15:22:57+00:00","twitter_card":"summary_large_image","schema":{"@context":"https:\/\/schema.org","@graph":[{"@type":"WebPage","@id":"https:\/\/dev.guiasoficialescv.es\/en\/guides\/","url":"https:\/\/dev.guiasoficialescv.es\/en\/guides\/","name":"Guides &#8211; Gu\u00edas Tur\u00edsticos Oficiales Comunidad Valenciana","isPartOf":{"@id":"https:\/\/dev.guiasoficialescv.es\/en\/#website"},"datePublished":"2020-10-19T15:22:52+00:00","dateModified":"2020-10-19T15:22:57+00:00","breadcrumb":{"@id":"https:\/\/dev.guiasoficialescv.es\/en\/guides\/#breadcrumb"},"inLanguage":"en-US","potentialAction":[{"@type":"ReadAction","target":["https:\/\/dev.guiasoficialescv.es\/en\/guides\/"]}]},{"@type":"BreadcrumbList","@id":"https:\/\/dev.guiasoficialescv.es\/en\/guides\/#breadcrumb","itemListElement":[{"@type":"ListItem","position":1,"name":"Home","item":"https:\/\/dev.guiasoficialescv.es\/en\/"},{"@type":"ListItem","position":2,"name":"Guides"}]},{"@type":"WebSite","@id":"https:\/\/dev.guiasoficialescv.es\/en\/#website","url":"https:\/\/dev.guiasoficialescv.es\/en\/","name":"Gu\u00edas Tur\u00edsticos Oficiales Comunidad Valenciana","description":"Asociaci\u00f3n de Gu\u00edas Oficiales de Turismo en la Comunidad Valenciana","publisher":{"@id":"https:\/\/dev.guiasoficialescv.es\/en\/#organization"},"potentialAction":[{"@type":"SearchAction","target":{"@type":"EntryPoint","urlTemplate":"https:\/\/dev.guiasoficialescv.es\/en\/?s={search_term_string}"},"query-input":{"@type":"PropertyValueSpecification","valueRequired":true,"valueName":"search_term_string"}}],"inLanguage":"en-US"},{"@type":"Organization","@id":"https:\/\/dev.guiasoficialescv.es\/en\/#organization","name":"Asociaci\u00f3n Gu\u00edas Oficiales de la Comunidad Valenciana","url":"https:\/\/dev.guiasoficialescv.es\/en\/","logo":{"@type":"ImageObject","inLanguage":"en-US","@id":"https:\/\/dev.guiasoficialescv.es\/en\/#\/schema\/logo\/image\/","url":"https:\/\/dev.guiasoficialescv.es\/wp-content\/uploads\/2023\/08\/logotipo-guias-oficiales-comunitat-valenciana.jpg","contentUrl":"https:\/\/dev.guiasoficialescv.es\/wp-content\/uploads\/2023\/08\/logotipo-guias-oficiales-comunitat-valenciana.jpg","width":450,"height":450,"caption":"Asociaci\u00f3n Gu\u00edas Oficiales de la Comunidad Valenciana"},"image":{"@id":"https:\/\/dev.guiasoficialescv.es\/en\/#\/schema\/logo\/image\/"},"sameAs":["https:\/\/www.facebook.com\/GuiasOficialesCV"]}]}},"_links":{"self":[{"href":"https:\/\/dev.guiasoficialescv.es\/en\/wp-json\/wp\/v2\/pages\/4936","targetHints":{"allow":["GET"]}}],"collection":[{"href":"https:\/\/dev.guiasoficialescv.es\/en\/wp-json\/wp\/v2\/pages"}],"about":[{"href":"https:\/\/dev.guiasoficialescv.es\/en\/wp-json\/wp\/v2\/types\/page"}],"author":[{"embeddable":true,"href":"https:\/\/dev.guiasoficialescv.es\/en\/wp-json\/wp\/v2\/users\/800"}],"replies":[{"embeddable":true,"href":"https:\/\/dev.guiasoficialescv.es\/en\/wp-json\/wp\/v2\/comments?post=4936"}],"version-history":[{"count":1,"href":"https:\/\/dev.guiasoficialescv.es\/en\/wp-json\/wp\/v2\/pages\/4936\/revisions"}],"predecessor-version":[{"id":4937,"href":"https:\/\/dev.guiasoficialescv.es\/en\/wp-json\/wp\/v2\/pages\/4936\/revisions\/4937"}],"wp:attachment":[{"href":"https:\/\/dev.guiasoficialescv.es\/en\/wp-json\/wp\/v2\/media?parent=4936"}],"curies":[{"name":"wp","href":"https:\/\/api.w.org\/{rel}","templated":true}]}}