{"id":5531,"date":"2018-05-29T08:38:34","date_gmt":"2018-05-29T07:38:34","guid":{"rendered":"https:\/\/dev.guiasoficialescv.es\/politica-de-privacidad\/"},"modified":"2023-06-20T10:37:58","modified_gmt":"2023-06-20T09:37:58","slug":"privacy-policy","status":"publish","type":"page","link":"https:\/\/dev.guiasoficialescv.es\/en\/privacy-policy\/","title":{"rendered":"Privacy policy"},"content":{"rendered":"\n<p>Conforme a lo establecido en el Art\u00edculo 13 del Reglamento (UE) 2016\/679 del Parlamento Europeo y del Consejo y la Ley Org\u00e1nica 3\/2018 de 5 de diciembre (LOPDGDD), le informamos que los datos personales recabados del propio interesado, ser\u00e1n tratados bajo la responsabilidad del Responsable del Tratamiento, de la Asociaci\u00f3n de Gu\u00edas Oficiales de la Comunidad Valenciana, para el env\u00edo de comunicaciones sobre nuestros productos y servicios y se conservar\u00e1n mientras ninguna de las partes se oponga a ello o durante el per\u00edodo necesario para cumplir con las obligaciones legales. Se garantiza un tratamiento de datos leal y transparente. Los datos no se ceder\u00e1n a terceros salvo en los casos en que exista una obligaci\u00f3n legal.<\/p>\n\n\n\n<p>Le informamos que los derechos de acceso, rectificaci\u00f3n, supresi\u00f3n, limitaci\u00f3n de tratamiento, u oposici\u00f3n al tratamiento, as\u00ed como el derecho a la portabilidad de los datos podr\u00e1n ser ejercitados ante el Responsable del tratamiento por cualquier medio sujeto en derecho, acompa\u00f1ando de copia de documento oficial que le identifique dirigi\u00e9ndose a: Paseo Alameda, 37; 46023 &#8211; Valencia, o enviando un mensaje al correo electr\u00f3nico&nbsp;info@guiasoficalescv.com, seg\u00fan los t\u00e9rminos que la normativa aplicable establece.&nbsp;Si considera que el tratamiento publicado en esta p\u00e1gina web no se ajusta a la normativa vigente, podr\u00e1 presentar una reclamaci\u00f3n ante la autoridad de control en&nbsp;<a href=\"http:\/\/www.agpd.es\/\" target=\"_blank\" rel=\"noreferrer noopener\">www.agpd.es<\/a>.<\/p>\n","protected":false},"excerpt":{"rendered":"<p>Conforme a lo establecido en el Art\u00edculo 13 del Reglamento (UE) 2016\/679 del Parlamento Europeo y del Consejo y la Ley Org\u00e1nica 3\/2018 de 5 de diciembre (LOPDGDD), le informamos que los datos personales recabados del propio interesado, ser\u00e1n tratados bajo la responsabilidad del Responsable del Tratamiento, de la Asociaci\u00f3n de Gu\u00edas Oficiales de la Comunidad Valenciana, para el env\u00edo [&hellip;]<\/p>\n","protected":false},"author":2,"featured_media":0,"parent":0,"menu_order":0,"comment_status":"closed","ping_status":"closed","template":"page-templates\/textos-legales.php","meta":{"_acf_changed":false,"_bbp_topic_count":0,"_bbp_reply_count":0,"_bbp_total_topic_count":0,"_bbp_total_reply_count":0,"_bbp_voice_count":0,"_bbp_anonymous_reply_count":0,"_bbp_topic_count_hidden":0,"_bbp_reply_count_hidden":0,"_bbp_forum_subforum_count":0,"footnotes":""},"class_list":["post-5531","page","type-page","status-publish","hentry"],"acf":[],"yoast_head":"<!-- This site is optimized with the Yoast SEO plugin v27.3 - https:\/\/yoast.com\/product\/yoast-seo-wordpress\/ -->\n<title>Privacy policy &#8211; Gu\u00edas Tur\u00edsticos Oficiales Comunidad Valenciana<\/title>\n<meta name=\"robots\" content=\"noindex, follow, max-snippet:-1, max-image-preview:large, max-video-preview:-1\" \/>\n<meta property=\"og:locale\" content=\"en_US\" \/>\n<meta property=\"og:type\" content=\"article\" \/>\n<meta property=\"og:title\" content=\"Privacy policy &#8211; Gu\u00edas Tur\u00edsticos Oficiales Comunidad Valenciana\" \/>\n<meta property=\"og:description\" content=\"Conforme a lo establecido en el Art\u00edculo 13 del Reglamento (UE) 2016\/679 del Parlamento Europeo y del Consejo y la Ley Org\u00e1nica 3\/2018 de 5 de diciembre (LOPDGDD), le informamos que los datos personales recabados del propio interesado, ser\u00e1n tratados bajo la responsabilidad del Responsable del Tratamiento, de la Asociaci\u00f3n de Gu\u00edas Oficiales de la Comunidad Valenciana, para el env\u00edo [&hellip;]\" \/>\n<meta property=\"og:url\" content=\"https:\/\/dev.guiasoficialescv.es\/en\/privacy-policy\/\" \/>\n<meta property=\"og:site_name\" content=\"Gu\u00edas Tur\u00edsticos Oficiales Comunidad Valenciana\" \/>\n<meta property=\"article:publisher\" content=\"https:\/\/www.facebook.com\/GuiasOficialesCV\" \/>\n<meta property=\"article:modified_time\" content=\"2023-06-20T09:37:58+00:00\" \/>\n<meta name=\"twitter:card\" content=\"summary_large_image\" \/>\n<meta name=\"twitter:label1\" content=\"Est. reading time\" \/>\n\t<meta name=\"twitter:data1\" content=\"2 minutes\" \/>\n<script type=\"application\/ld+json\" class=\"yoast-schema-graph\">{\"@context\":\"https:\\\/\\\/schema.org\",\"@graph\":[{\"@type\":\"WebPage\",\"@id\":\"https:\\\/\\\/dev.guiasoficialescv.es\\\/en\\\/privacy-policy\\\/\",\"url\":\"https:\\\/\\\/dev.guiasoficialescv.es\\\/en\\\/privacy-policy\\\/\",\"name\":\"Privacy policy &#8211; Gu\u00edas Tur\u00edsticos Oficiales Comunidad Valenciana\",\"isPartOf\":{\"@id\":\"https:\\\/\\\/dev.guiasoficialescv.es\\\/en\\\/#website\"},\"datePublished\":\"2018-05-29T07:38:34+00:00\",\"dateModified\":\"2023-06-20T09:37:58+00:00\",\"breadcrumb\":{\"@id\":\"https:\\\/\\\/dev.guiasoficialescv.es\\\/en\\\/privacy-policy\\\/#breadcrumb\"},\"inLanguage\":\"en-US\",\"potentialAction\":[{\"@type\":\"ReadAction\",\"target\":[\"https:\\\/\\\/dev.guiasoficialescv.es\\\/en\\\/privacy-policy\\\/\"]}]},{\"@type\":\"BreadcrumbList\",\"@id\":\"https:\\\/\\\/dev.guiasoficialescv.es\\\/en\\\/privacy-policy\\\/#breadcrumb\",\"itemListElement\":[{\"@type\":\"ListItem\",\"position\":1,\"name\":\"Home\",\"item\":\"https:\\\/\\\/dev.guiasoficialescv.es\\\/en\\\/\"},{\"@type\":\"ListItem\",\"position\":2,\"name\":\"Privacy policy\"}]},{\"@type\":\"WebSite\",\"@id\":\"https:\\\/\\\/dev.guiasoficialescv.es\\\/en\\\/#website\",\"url\":\"https:\\\/\\\/dev.guiasoficialescv.es\\\/en\\\/\",\"name\":\"Gu\u00edas Tur\u00edsticos Oficiales Comunidad Valenciana\",\"description\":\"Asociaci\u00f3n de Gu\u00edas Oficiales de Turismo en la Comunidad Valenciana\",\"publisher\":{\"@id\":\"https:\\\/\\\/dev.guiasoficialescv.es\\\/en\\\/#organization\"},\"potentialAction\":[{\"@type\":\"SearchAction\",\"target\":{\"@type\":\"EntryPoint\",\"urlTemplate\":\"https:\\\/\\\/dev.guiasoficialescv.es\\\/en\\\/?s={search_term_string}\"},\"query-input\":{\"@type\":\"PropertyValueSpecification\",\"valueRequired\":true,\"valueName\":\"search_term_string\"}}],\"inLanguage\":\"en-US\"},{\"@type\":\"Organization\",\"@id\":\"https:\\\/\\\/dev.guiasoficialescv.es\\\/en\\\/#organization\",\"name\":\"Asociaci\u00f3n Gu\u00edas Oficiales de la Comunidad Valenciana\",\"url\":\"https:\\\/\\\/dev.guiasoficialescv.es\\\/en\\\/\",\"logo\":{\"@type\":\"ImageObject\",\"inLanguage\":\"en-US\",\"@id\":\"https:\\\/\\\/dev.guiasoficialescv.es\\\/en\\\/#\\\/schema\\\/logo\\\/image\\\/\",\"url\":\"https:\\\/\\\/dev.guiasoficialescv.es\\\/wp-content\\\/uploads\\\/2023\\\/08\\\/logotipo-guias-oficiales-comunitat-valenciana.jpg\",\"contentUrl\":\"https:\\\/\\\/dev.guiasoficialescv.es\\\/wp-content\\\/uploads\\\/2023\\\/08\\\/logotipo-guias-oficiales-comunitat-valenciana.jpg\",\"width\":450,\"height\":450,\"caption\":\"Asociaci\u00f3n Gu\u00edas Oficiales de la Comunidad Valenciana\"},\"image\":{\"@id\":\"https:\\\/\\\/dev.guiasoficialescv.es\\\/en\\\/#\\\/schema\\\/logo\\\/image\\\/\"},\"sameAs\":[\"https:\\\/\\\/www.facebook.com\\\/GuiasOficialesCV\"]}]}<\/script>\n<!-- \/ Yoast SEO plugin. -->","yoast_head_json":{"title":"Privacy policy &#8211; Gu\u00edas Tur\u00edsticos Oficiales Comunidad Valenciana","robots":{"index":"noindex","follow":"follow","max-snippet":"max-snippet:-1","max-image-preview":"max-image-preview:large","max-video-preview":"max-video-preview:-1"},"og_locale":"en_US","og_type":"article","og_title":"Privacy policy &#8211; Gu\u00edas Tur\u00edsticos Oficiales Comunidad Valenciana","og_description":"Conforme a lo establecido en el Art\u00edculo 13 del Reglamento (UE) 2016\/679 del Parlamento Europeo y del Consejo y la Ley Org\u00e1nica 3\/2018 de 5 de diciembre (LOPDGDD), le informamos que los datos personales recabados del propio interesado, ser\u00e1n tratados bajo la responsabilidad del Responsable del Tratamiento, de la Asociaci\u00f3n de Gu\u00edas Oficiales de la Comunidad Valenciana, para el env\u00edo [&hellip;]","og_url":"https:\/\/dev.guiasoficialescv.es\/en\/privacy-policy\/","og_site_name":"Gu\u00edas Tur\u00edsticos Oficiales Comunidad Valenciana","article_publisher":"https:\/\/www.facebook.com\/GuiasOficialesCV","article_modified_time":"2023-06-20T09:37:58+00:00","twitter_card":"summary_large_image","twitter_misc":{"Est. reading time":"2 minutes"},"schema":{"@context":"https:\/\/schema.org","@graph":[{"@type":"WebPage","@id":"https:\/\/dev.guiasoficialescv.es\/en\/privacy-policy\/","url":"https:\/\/dev.guiasoficialescv.es\/en\/privacy-policy\/","name":"Privacy policy &#8211; Gu\u00edas Tur\u00edsticos Oficiales Comunidad Valenciana","isPartOf":{"@id":"https:\/\/dev.guiasoficialescv.es\/en\/#website"},"datePublished":"2018-05-29T07:38:34+00:00","dateModified":"2023-06-20T09:37:58+00:00","breadcrumb":{"@id":"https:\/\/dev.guiasoficialescv.es\/en\/privacy-policy\/#breadcrumb"},"inLanguage":"en-US","potentialAction":[{"@type":"ReadAction","target":["https:\/\/dev.guiasoficialescv.es\/en\/privacy-policy\/"]}]},{"@type":"BreadcrumbList","@id":"https:\/\/dev.guiasoficialescv.es\/en\/privacy-policy\/#breadcrumb","itemListElement":[{"@type":"ListItem","position":1,"name":"Home","item":"https:\/\/dev.guiasoficialescv.es\/en\/"},{"@type":"ListItem","position":2,"name":"Privacy policy"}]},{"@type":"WebSite","@id":"https:\/\/dev.guiasoficialescv.es\/en\/#website","url":"https:\/\/dev.guiasoficialescv.es\/en\/","name":"Gu\u00edas Tur\u00edsticos Oficiales Comunidad Valenciana","description":"Asociaci\u00f3n de Gu\u00edas Oficiales de Turismo en la Comunidad Valenciana","publisher":{"@id":"https:\/\/dev.guiasoficialescv.es\/en\/#organization"},"potentialAction":[{"@type":"SearchAction","target":{"@type":"EntryPoint","urlTemplate":"https:\/\/dev.guiasoficialescv.es\/en\/?s={search_term_string}"},"query-input":{"@type":"PropertyValueSpecification","valueRequired":true,"valueName":"search_term_string"}}],"inLanguage":"en-US"},{"@type":"Organization","@id":"https:\/\/dev.guiasoficialescv.es\/en\/#organization","name":"Asociaci\u00f3n Gu\u00edas Oficiales de la Comunidad Valenciana","url":"https:\/\/dev.guiasoficialescv.es\/en\/","logo":{"@type":"ImageObject","inLanguage":"en-US","@id":"https:\/\/dev.guiasoficialescv.es\/en\/#\/schema\/logo\/image\/","url":"https:\/\/dev.guiasoficialescv.es\/wp-content\/uploads\/2023\/08\/logotipo-guias-oficiales-comunitat-valenciana.jpg","contentUrl":"https:\/\/dev.guiasoficialescv.es\/wp-content\/uploads\/2023\/08\/logotipo-guias-oficiales-comunitat-valenciana.jpg","width":450,"height":450,"caption":"Asociaci\u00f3n Gu\u00edas Oficiales de la Comunidad Valenciana"},"image":{"@id":"https:\/\/dev.guiasoficialescv.es\/en\/#\/schema\/logo\/image\/"},"sameAs":["https:\/\/www.facebook.com\/GuiasOficialesCV"]}]}},"_links":{"self":[{"href":"https:\/\/dev.guiasoficialescv.es\/en\/wp-json\/wp\/v2\/pages\/5531","targetHints":{"allow":["GET"]}}],"collection":[{"href":"https:\/\/dev.guiasoficialescv.es\/en\/wp-json\/wp\/v2\/pages"}],"about":[{"href":"https:\/\/dev.guiasoficialescv.es\/en\/wp-json\/wp\/v2\/types\/page"}],"author":[{"embeddable":true,"href":"https:\/\/dev.guiasoficialescv.es\/en\/wp-json\/wp\/v2\/users\/2"}],"replies":[{"embeddable":true,"href":"https:\/\/dev.guiasoficialescv.es\/en\/wp-json\/wp\/v2\/comments?post=5531"}],"version-history":[{"count":5,"href":"https:\/\/dev.guiasoficialescv.es\/en\/wp-json\/wp\/v2\/pages\/5531\/revisions"}],"predecessor-version":[{"id":8468,"href":"https:\/\/dev.guiasoficialescv.es\/en\/wp-json\/wp\/v2\/pages\/5531\/revisions\/8468"}],"wp:attachment":[{"href":"https:\/\/dev.guiasoficialescv.es\/en\/wp-json\/wp\/v2\/media?parent=5531"}],"curies":[{"name":"wp","href":"https:\/\/api.w.org\/{rel}","templated":true}]}}