{"id":5548,"date":"2018-05-29T08:38:34","date_gmt":"2018-05-29T07:38:34","guid":{"rendered":"https:\/\/dev.guiasoficialescv.es\/politica-de-cookies\/"},"modified":"2021-01-15T18:51:50","modified_gmt":"2021-01-15T17:51:50","slug":"cookies-policy","status":"publish","type":"page","link":"https:\/\/dev.guiasoficialescv.es\/en\/cookies-policy\/","title":{"rendered":"Cookies policy"},"content":{"rendered":"\n<p>En la web <a href=\"https:\/\/dev.guiasoficialescv.es\/en\/\">https:\/\/guiasoficialescv.com<\/a> utilizamos cookies para facilitar la relaci\u00f3n de los visitantes con nuestro contenido y para permitir elaborar estad\u00edsticas sobre las visitantes que recibimos.<\/p>\n\n\n\n<p>En cumplimiento de la Directiva 2009\/136\/CE, desarrollada en nuestro ordenamiento por el apartado segundo del art\u00edculo 22 de la Ley de Servicios de Sociedad de la Informaci\u00f3n, siguiendo las directrices de la Agencia Espa\u00f1ola de Protecci\u00f3n de Datos, procedemos a informarle detalladamente del uso que se realiza en nuestra web.<\/p>\n\n\n\n<p>Se denominan cookies a unos peque\u00f1os archivos que se graban en el navegador utilizado por cada visitante de nuestra web para que el servidor pueda recordar la visita de ese usuario con posterioridad cuando vuelva a acceder a nuestros contenidos. Esta informaci\u00f3n no revela su identidad, ni dato personal alguno, ni accede al contenido almacenado en su pc, pero s\u00ed que permite a nuestro sistema identificarle a usted como un usuario determinado que ya visit\u00f3 la web con anterioridad, visualiz\u00f3 determinadas p\u00e1ginas, etc. y adem\u00e1s permite guardar sus preferencias personales e informaci\u00f3n t\u00e9cnica como por ejemplo las visitas realizadas o p\u00e1ginas concretas que visite.<\/p>\n\n\n\n<p>La finalidad de las cookies es la de facilitar al Usuario un acceso m\u00e1s r\u00e1pido a los Servicios seleccionados.<\/p>\n\n\n\n<p>Si no desea que se guarden cookies en su navegador o prefiere recibir una informaci\u00f3n cada vez que una cookie solicite instalarse, puede configurar sus opciones de navegaci\u00f3n para que se haga de esa forma. La mayor parte de los navegadores permiten la gesti\u00f3n de las cookies de 3 formas diferentes:<\/p>\n\n\n\n<ul class=\"wp-block-list\"><li>Las cookies son siempre rechazadas;<\/li><li>El navegador pregunta si el usuario desea instalar cada cookie;<\/li><li>Las cookies son siempre aceptadas;<\/li><\/ul>\n\n\n\n<p>Su navegador tambi\u00e9n puede incluir la posibilidad de seleccionar con detalle las cookies que desea que se instalen en su ordenador. En concreto, el usuario puede normalmente aceptar alguna de las siguientes opciones:<\/p>\n\n\n\n<ul class=\"wp-block-list\"><li>rechazar las cookies de determinados dominios;<\/li><li>rechazar las cookies de terceros;<\/li><li>aceptar cookies como no persistentes (se eliminan cuando el navegador se cierra);<\/li><li>permitir al servidor crear cookies para un dominio diferente.<\/li><\/ul>\n\n\n\n<p><strong>Para permitir, conocer, bloquear o eliminar las cookies instaladas en su equipo puede hacerlo mediante la configuraci\u00f3n de las opciones del navegador instalado en su ordenador.<\/strong><\/p>\n\n\n\n<p>Puede encontrar informaci\u00f3n sobre c\u00f3mo configurar los navegadores m\u00e1s usados en las siguientes ubicaciones:<\/p>\n\n\n\n<ul class=\"wp-block-list\"><li><strong>Internet Explorer<\/strong>: Herramientas -&gt; Opciones de Internet&nbsp;-&gt; Privacidad&nbsp;-&gt; Configuraci\u00f3n. Para m\u00e1s informaci\u00f3n, puede consultar el&nbsp;<a href=\"http:\/\/windows.microsoft.com\/es-ES\/windows\/support\">soporte de Microsoft<\/a>&nbsp;o la Ayuda del navegador.<\/li><li><strong>Firefox<\/strong>: Herramientas&nbsp;-&gt; Opciones&nbsp;-&gt; Privacidad&nbsp;-&gt; Historial&nbsp;-&gt; Configuraci\u00f3n Personalizada. Para m\u00e1s informaci\u00f3n, puede consultar el&nbsp;<a href=\"http:\/\/support.mozilla.org\/es\/home\">soporte de Mozilla<\/a>&nbsp;o la Ayuda del navegador.<\/li><li><strong>Chrome<\/strong>: Configuraci\u00f3n&nbsp;-&gt; Mostrar opciones avanzadas&nbsp;-&gt; Privacidad&nbsp;-&gt; Configuraci\u00f3n de contenido. Para m\u00e1s informaci\u00f3n, puede consultar el&nbsp;<a href=\"http:\/\/support.google.com\/chrome\/?hl=es\">soporte de Google<\/a>&nbsp;o la Ayuda del navegador.<\/li><li><strong>Safari<\/strong>: Preferencias&nbsp;-&gt; Seguridad. Para m\u00e1s informaci\u00f3n, puede consultar el&nbsp;<a href=\"http:\/\/www.apple.com\/es\/support\/safari\/\">soporte de Apple<\/a>&nbsp;o la Ayuda del navegador.<\/li><\/ul>\n\n\n\n<p>Respecto de las cookies de terceros, es decir aquellas que son ajenas a nuestro sitio web, no podemos hacernos responsables del contenido y veracidad de las pol\u00edticas de privacidad que ellos incluyen por lo que la informaci\u00f3n que le ofrecemos es siempre con referencia a la fuente.<\/p>\n\n\n\n<p>A continuaci\u00f3n le informamos detalladamente de las cookies que pueden instalarse desde nuestro sitio web. En funci\u00f3n de su navegaci\u00f3n podr\u00e1n instalarse todas o s\u00f3lo algunas de ellas.<\/p>\n\n\n\n<div id=\"listadodecookies\">\n<table style=\"border: 1px solid black;\">\n<thead>\n<tr align=\"center\">\n<td style=\"border: 1px solid black;\">Nombre<\/td>\n<td style=\"border: 1px solid black;\">Categoria<\/td>\n<td style=\"border: 1px solid black;\">Descripci\u00f3n<\/td>\n<td style=\"border: 1px solid black;\">Propiedad<\/td>\n<td style=\"border: 1px solid black;\">Duraci\u00f3n<\/td>\n<\/tr>\n<\/thead>\n<tbody>\n<tr id=\"wordpress_\" align=\"center\">\n<td style=\"border: 1px solid black;\">wordpress_<\/td>\n<td style=\"border: 1px solid black;\">Funcionalidad<\/td>\n<td style=\"border: 1px solid black;\">Se activa durante el login y guarda los detalles de autentificaci\u00f3n.<\/td>\n<td style=\"border: 1px solid black;\">Propia<\/td>\n<td style=\"border: 1px solid black;\">1 a\u00f1o<\/td>\n<\/tr>\n<tr id=\"wordpress_logged_in_\" align=\"center\">\n<td style=\"border: 1px solid black;\">wordpress_logged_in_<\/td>\n<td style=\"border: 1px solid black;\">Funcionalidad<\/td>\n<td style=\"border: 1px solid black;\">Se activa durante el login y guarda los detalles de autentificaci\u00f3n.<\/td>\n<td style=\"border: 1px solid black;\">Propia<\/td>\n<td style=\"border: 1px solid black;\">1 a\u00f1o<\/td>\n<\/tr>\n<tr id=\"wordpress_test_cookie\" align=\"center\">\n<td style=\"border: 1px solid black;\">wordpress_test_cookie<\/td>\n<td style=\"border: 1px solid black;\">Funcionalidad<\/td>\n<td style=\"border: 1px solid black;\">Se activa durante el login y guarda los detalles de autentificaci\u00f3n.<\/td>\n<td style=\"border: 1px solid black;\">Propia<\/td>\n<td style=\"border: 1px solid black;\">1 a\u00f1o<\/td>\n<\/tr>\n<tr id=\"wp-settings-\" align=\"center\">\n<td style=\"border: 1px solid black;\">wp-settings-<\/td>\n<td style=\"border: 1px solid black;\">Funcionalidad<\/td>\n<td style=\"border: 1px solid black;\">Sirve para personalizar la Interfaz de Usuario.<\/td>\n<td style=\"border: 1px solid black;\">Propia<\/td>\n<td style=\"border: 1px solid black;\">1 a\u00f1o<\/td>\n<\/tr>\n<tr id=\"wp-settings-time-\" align=\"center\">\n<td style=\"border: 1px solid black;\">wp-settings-time-<\/td>\n<td style=\"border: 1px solid black;\">Funcionalidad<\/td>\n<td style=\"border: 1px solid black;\">Sirve para personalizar la Interfaz de Usuario.<\/td>\n<td style=\"border: 1px solid black;\">Propia<\/td>\n<td style=\"border: 1px solid black;\">Finalizaci\u00f3n de la sesi\u00f3n<\/td>\n<\/tr>\n<tr id=\"bp-activity-oldestpage\" align=\"center\">\n<td style=\"border: 1px solid black;\">bp-activity-oldestpage<\/td>\n<td style=\"border: 1px solid black;\">Funcionalidad<\/td>\n<td style=\"border: 1px solid black;\">Desconocemos el origen de la cookie<\/td>\n<td style=\"border: 1px solid black;\">Terceros<\/td>\n<td style=\"border: 1px solid black;\">Desconocemos el origen de la cookie<\/td>\n<\/tr>\n<tr id=\"pmpro_visit\" align=\"center\">\n<td style=\"border: 1px solid black;\">pmpro_visit<\/td>\n<td style=\"border: 1px solid black;\">Funcionalidad<\/td>\n<td style=\"border: 1px solid black;\">Desconocemos el origen de la cookie<\/td>\n<td style=\"border: 1px solid black;\">Terceros<\/td>\n<td style=\"border: 1px solid black;\">Desconocemos el origen de la cookie<\/td>\n<\/tr>\n<\/tbody>\n<\/table>\n<\/div>\n\n\n\n<p>Se puede modificar esta Pol\u00edtica de Cookies en funci\u00f3n de exigencias legislativas, reglamentarias, o con la finalidad de adaptar dicha pol\u00edtica a las instrucciones dictadas por la Agencia Espa\u00f1ola de Protecci\u00f3n de Datos, por ello se aconseja a los Usuarios que la visiten peri\u00f3dicamente.<\/p>\n\n\n\n<p>Cuando se produzcan cambios significativos en esta Pol\u00edtica de Cookies, se comunicar\u00e1n a los Usuarios bien mediante la web o a trav\u00e9s de correo electr\u00f3nico a los Usuarios registrados.<\/p>\n","protected":false},"excerpt":{"rendered":"<p>En la web https:\/\/guiasoficialescv.com utilizamos cookies para facilitar la relaci\u00f3n de los visitantes con nuestro contenido y para permitir elaborar estad\u00edsticas sobre las visitantes que recibimos. En cumplimiento de la Directiva 2009\/136\/CE, desarrollada en nuestro ordenamiento por el apartado segundo del art\u00edculo 22 de la Ley de Servicios de Sociedad de la Informaci\u00f3n, siguiendo las directrices de la Agencia Espa\u00f1ola [&hellip;]<\/p>\n","protected":false},"author":2,"featured_media":0,"parent":0,"menu_order":0,"comment_status":"closed","ping_status":"closed","template":"page-templates\/textos-legales.php","meta":{"_acf_changed":false,"_bbp_topic_count":0,"_bbp_reply_count":0,"_bbp_total_topic_count":0,"_bbp_total_reply_count":0,"_bbp_voice_count":0,"_bbp_anonymous_reply_count":0,"_bbp_topic_count_hidden":0,"_bbp_reply_count_hidden":0,"_bbp_forum_subforum_count":0,"footnotes":""},"class_list":["post-5548","page","type-page","status-publish","hentry"],"acf":[],"yoast_head":"<!-- This site is optimized with the Yoast SEO plugin v27.3 - https:\/\/yoast.com\/product\/yoast-seo-wordpress\/ -->\n<title>Cookies policy &#8211; Gu\u00edas Tur\u00edsticos Oficiales Comunidad Valenciana<\/title>\n<meta name=\"robots\" content=\"noindex, follow, max-snippet:-1, max-image-preview:large, max-video-preview:-1\" \/>\n<meta property=\"og:locale\" content=\"en_US\" \/>\n<meta property=\"og:type\" content=\"article\" \/>\n<meta property=\"og:title\" content=\"Cookies policy &#8211; Gu\u00edas Tur\u00edsticos Oficiales Comunidad Valenciana\" \/>\n<meta property=\"og:description\" content=\"En la web https:\/\/guiasoficialescv.com utilizamos cookies para facilitar la relaci\u00f3n de los visitantes con nuestro contenido y para permitir elaborar estad\u00edsticas sobre las visitantes que recibimos. En cumplimiento de la Directiva 2009\/136\/CE, desarrollada en nuestro ordenamiento por el apartado segundo del art\u00edculo 22 de la Ley de Servicios de Sociedad de la Informaci\u00f3n, siguiendo las directrices de la Agencia Espa\u00f1ola [&hellip;]\" \/>\n<meta property=\"og:url\" content=\"https:\/\/dev.guiasoficialescv.es\/en\/cookies-policy\/\" \/>\n<meta property=\"og:site_name\" content=\"Gu\u00edas Tur\u00edsticos Oficiales Comunidad Valenciana\" \/>\n<meta property=\"article:publisher\" content=\"https:\/\/www.facebook.com\/GuiasOficialesCV\" \/>\n<meta property=\"article:modified_time\" content=\"2021-01-15T17:51:50+00:00\" \/>\n<meta name=\"twitter:card\" content=\"summary_large_image\" \/>\n<meta name=\"twitter:label1\" content=\"Est. reading time\" \/>\n\t<meta name=\"twitter:data1\" content=\"4 minutes\" \/>\n<script type=\"application\/ld+json\" class=\"yoast-schema-graph\">{\"@context\":\"https:\\\/\\\/schema.org\",\"@graph\":[{\"@type\":\"WebPage\",\"@id\":\"https:\\\/\\\/dev.guiasoficialescv.es\\\/en\\\/cookies-policy\\\/\",\"url\":\"https:\\\/\\\/dev.guiasoficialescv.es\\\/en\\\/cookies-policy\\\/\",\"name\":\"Cookies policy &#8211; Gu\u00edas Tur\u00edsticos Oficiales Comunidad Valenciana\",\"isPartOf\":{\"@id\":\"https:\\\/\\\/dev.guiasoficialescv.es\\\/en\\\/#website\"},\"datePublished\":\"2018-05-29T07:38:34+00:00\",\"dateModified\":\"2021-01-15T17:51:50+00:00\",\"breadcrumb\":{\"@id\":\"https:\\\/\\\/dev.guiasoficialescv.es\\\/en\\\/cookies-policy\\\/#breadcrumb\"},\"inLanguage\":\"en-US\",\"potentialAction\":[{\"@type\":\"ReadAction\",\"target\":[\"https:\\\/\\\/dev.guiasoficialescv.es\\\/en\\\/cookies-policy\\\/\"]}]},{\"@type\":\"BreadcrumbList\",\"@id\":\"https:\\\/\\\/dev.guiasoficialescv.es\\\/en\\\/cookies-policy\\\/#breadcrumb\",\"itemListElement\":[{\"@type\":\"ListItem\",\"position\":1,\"name\":\"Home\",\"item\":\"https:\\\/\\\/dev.guiasoficialescv.es\\\/en\\\/\"},{\"@type\":\"ListItem\",\"position\":2,\"name\":\"Cookies policy\"}]},{\"@type\":\"WebSite\",\"@id\":\"https:\\\/\\\/dev.guiasoficialescv.es\\\/en\\\/#website\",\"url\":\"https:\\\/\\\/dev.guiasoficialescv.es\\\/en\\\/\",\"name\":\"Gu\u00edas Tur\u00edsticos Oficiales Comunidad Valenciana\",\"description\":\"Asociaci\u00f3n de Gu\u00edas Oficiales de Turismo en la Comunidad Valenciana\",\"publisher\":{\"@id\":\"https:\\\/\\\/dev.guiasoficialescv.es\\\/en\\\/#organization\"},\"potentialAction\":[{\"@type\":\"SearchAction\",\"target\":{\"@type\":\"EntryPoint\",\"urlTemplate\":\"https:\\\/\\\/dev.guiasoficialescv.es\\\/en\\\/?s={search_term_string}\"},\"query-input\":{\"@type\":\"PropertyValueSpecification\",\"valueRequired\":true,\"valueName\":\"search_term_string\"}}],\"inLanguage\":\"en-US\"},{\"@type\":\"Organization\",\"@id\":\"https:\\\/\\\/dev.guiasoficialescv.es\\\/en\\\/#organization\",\"name\":\"Asociaci\u00f3n Gu\u00edas Oficiales de la Comunidad Valenciana\",\"url\":\"https:\\\/\\\/dev.guiasoficialescv.es\\\/en\\\/\",\"logo\":{\"@type\":\"ImageObject\",\"inLanguage\":\"en-US\",\"@id\":\"https:\\\/\\\/dev.guiasoficialescv.es\\\/en\\\/#\\\/schema\\\/logo\\\/image\\\/\",\"url\":\"https:\\\/\\\/dev.guiasoficialescv.es\\\/wp-content\\\/uploads\\\/2023\\\/08\\\/logotipo-guias-oficiales-comunitat-valenciana.jpg\",\"contentUrl\":\"https:\\\/\\\/dev.guiasoficialescv.es\\\/wp-content\\\/uploads\\\/2023\\\/08\\\/logotipo-guias-oficiales-comunitat-valenciana.jpg\",\"width\":450,\"height\":450,\"caption\":\"Asociaci\u00f3n Gu\u00edas Oficiales de la Comunidad Valenciana\"},\"image\":{\"@id\":\"https:\\\/\\\/dev.guiasoficialescv.es\\\/en\\\/#\\\/schema\\\/logo\\\/image\\\/\"},\"sameAs\":[\"https:\\\/\\\/www.facebook.com\\\/GuiasOficialesCV\"]}]}<\/script>\n<!-- \/ Yoast SEO plugin. -->","yoast_head_json":{"title":"Cookies policy &#8211; Gu\u00edas Tur\u00edsticos Oficiales Comunidad Valenciana","robots":{"index":"noindex","follow":"follow","max-snippet":"max-snippet:-1","max-image-preview":"max-image-preview:large","max-video-preview":"max-video-preview:-1"},"og_locale":"en_US","og_type":"article","og_title":"Cookies policy &#8211; Gu\u00edas Tur\u00edsticos Oficiales Comunidad Valenciana","og_description":"En la web https:\/\/guiasoficialescv.com utilizamos cookies para facilitar la relaci\u00f3n de los visitantes con nuestro contenido y para permitir elaborar estad\u00edsticas sobre las visitantes que recibimos. En cumplimiento de la Directiva 2009\/136\/CE, desarrollada en nuestro ordenamiento por el apartado segundo del art\u00edculo 22 de la Ley de Servicios de Sociedad de la Informaci\u00f3n, siguiendo las directrices de la Agencia Espa\u00f1ola [&hellip;]","og_url":"https:\/\/dev.guiasoficialescv.es\/en\/cookies-policy\/","og_site_name":"Gu\u00edas Tur\u00edsticos Oficiales Comunidad Valenciana","article_publisher":"https:\/\/www.facebook.com\/GuiasOficialesCV","article_modified_time":"2021-01-15T17:51:50+00:00","twitter_card":"summary_large_image","twitter_misc":{"Est. reading time":"4 minutes"},"schema":{"@context":"https:\/\/schema.org","@graph":[{"@type":"WebPage","@id":"https:\/\/dev.guiasoficialescv.es\/en\/cookies-policy\/","url":"https:\/\/dev.guiasoficialescv.es\/en\/cookies-policy\/","name":"Cookies policy &#8211; Gu\u00edas Tur\u00edsticos Oficiales Comunidad Valenciana","isPartOf":{"@id":"https:\/\/dev.guiasoficialescv.es\/en\/#website"},"datePublished":"2018-05-29T07:38:34+00:00","dateModified":"2021-01-15T17:51:50+00:00","breadcrumb":{"@id":"https:\/\/dev.guiasoficialescv.es\/en\/cookies-policy\/#breadcrumb"},"inLanguage":"en-US","potentialAction":[{"@type":"ReadAction","target":["https:\/\/dev.guiasoficialescv.es\/en\/cookies-policy\/"]}]},{"@type":"BreadcrumbList","@id":"https:\/\/dev.guiasoficialescv.es\/en\/cookies-policy\/#breadcrumb","itemListElement":[{"@type":"ListItem","position":1,"name":"Home","item":"https:\/\/dev.guiasoficialescv.es\/en\/"},{"@type":"ListItem","position":2,"name":"Cookies policy"}]},{"@type":"WebSite","@id":"https:\/\/dev.guiasoficialescv.es\/en\/#website","url":"https:\/\/dev.guiasoficialescv.es\/en\/","name":"Gu\u00edas Tur\u00edsticos Oficiales Comunidad Valenciana","description":"Asociaci\u00f3n de Gu\u00edas Oficiales de Turismo en la Comunidad Valenciana","publisher":{"@id":"https:\/\/dev.guiasoficialescv.es\/en\/#organization"},"potentialAction":[{"@type":"SearchAction","target":{"@type":"EntryPoint","urlTemplate":"https:\/\/dev.guiasoficialescv.es\/en\/?s={search_term_string}"},"query-input":{"@type":"PropertyValueSpecification","valueRequired":true,"valueName":"search_term_string"}}],"inLanguage":"en-US"},{"@type":"Organization","@id":"https:\/\/dev.guiasoficialescv.es\/en\/#organization","name":"Asociaci\u00f3n Gu\u00edas Oficiales de la Comunidad Valenciana","url":"https:\/\/dev.guiasoficialescv.es\/en\/","logo":{"@type":"ImageObject","inLanguage":"en-US","@id":"https:\/\/dev.guiasoficialescv.es\/en\/#\/schema\/logo\/image\/","url":"https:\/\/dev.guiasoficialescv.es\/wp-content\/uploads\/2023\/08\/logotipo-guias-oficiales-comunitat-valenciana.jpg","contentUrl":"https:\/\/dev.guiasoficialescv.es\/wp-content\/uploads\/2023\/08\/logotipo-guias-oficiales-comunitat-valenciana.jpg","width":450,"height":450,"caption":"Asociaci\u00f3n Gu\u00edas Oficiales de la Comunidad Valenciana"},"image":{"@id":"https:\/\/dev.guiasoficialescv.es\/en\/#\/schema\/logo\/image\/"},"sameAs":["https:\/\/www.facebook.com\/GuiasOficialesCV"]}]}},"_links":{"self":[{"href":"https:\/\/dev.guiasoficialescv.es\/en\/wp-json\/wp\/v2\/pages\/5548","targetHints":{"allow":["GET"]}}],"collection":[{"href":"https:\/\/dev.guiasoficialescv.es\/en\/wp-json\/wp\/v2\/pages"}],"about":[{"href":"https:\/\/dev.guiasoficialescv.es\/en\/wp-json\/wp\/v2\/types\/page"}],"author":[{"embeddable":true,"href":"https:\/\/dev.guiasoficialescv.es\/en\/wp-json\/wp\/v2\/users\/2"}],"replies":[{"embeddable":true,"href":"https:\/\/dev.guiasoficialescv.es\/en\/wp-json\/wp\/v2\/comments?post=5548"}],"version-history":[{"count":2,"href":"https:\/\/dev.guiasoficialescv.es\/en\/wp-json\/wp\/v2\/pages\/5548\/revisions"}],"predecessor-version":[{"id":5559,"href":"https:\/\/dev.guiasoficialescv.es\/en\/wp-json\/wp\/v2\/pages\/5548\/revisions\/5559"}],"wp:attachment":[{"href":"https:\/\/dev.guiasoficialescv.es\/en\/wp-json\/wp\/v2\/media?parent=5548"}],"curies":[{"name":"wp","href":"https:\/\/api.w.org\/{rel}","templated":true}]}}