{"id":5550,"date":"2018-05-29T08:38:34","date_gmt":"2018-05-29T07:38:34","guid":{"rendered":"https:\/\/dev.guiasoficialescv.es\/avisos-legales\/"},"modified":"2026-04-11T20:45:26","modified_gmt":"2026-04-11T18:45:26","slug":"legal-warning","status":"publish","type":"page","link":"https:\/\/dev.guiasoficialescv.es\/en\/legal-warning\/","title":{"rendered":"Legal warning"},"content":{"rendered":"<div id=\"clickdatos\">\n<p>El presente Aviso Legal regula las condiciones generales de acceso y utilizaci\u00f3n del sitio web accesible en la direcci\u00f3n URL https:\/\/guiasoficialescv.com (en adelante, el sitio web), que pone a disposici\u00f3n de los usuarios de Internet.<\/p>\n<p>La utilizaci\u00f3n del sitio web implica la aceptaci\u00f3n plena y sin reservas de todas y cada una de las disposiciones incluidas en este Aviso Legal. En consecuencia, el usuario del sitio web debe leer atentamente el presente Aviso Legal en cada una de las ocasiones en que se proponga utilizar la web, ya que el texto podr\u00eda sufrir modificaciones a criterio del titular de la web, o a causa de un cambio legislativo, jurisprudencial o en la pr\u00e1ctica empresarial.<\/p>\n<h2>1. Titularidad del sitio web<\/h2>\n<p><strong>Nombre del titular:<\/strong> Asociaci\u00f3n de Gu\u00edas Oficiales de Turismo de la Comunitat Valenciana<br \/>\n<strong>Poblaci\u00f3n:<\/strong> Valencia<br \/>\n<strong>Provincia:<\/strong> Alicante &#8211; Valencia &#8211; Castell\u00f3n<br \/>\n<strong>C.P.:<\/strong> 46000<br \/>\n<strong>C.I.F.:<\/strong> G98815335<br \/>\n<strong>Tel\u00e9fono de contacto:<\/strong> 634580675<br \/>\n<strong>Correo electr\u00f3nico:<\/strong> info@guiasoficialescv.com<br \/>\n<strong>Datos registrales:<\/strong> &#8220;ASOCIACI\u00d3N DE GU\u00cdAS OFICIALES DE TURISMO DE LA COMUNIDAD VALENCIANA&#8221;\u00a0 figura inscrita en la Secci\u00f3n PRIMERA del Registro Auton\u00f3mico con el n\u00famero CV-01-056855-CS.<\/p>\n<h2>2. Objeto<\/h2>\n<p>El sitio web facilita a los usuarios del mismo el acceso a informaci\u00f3n y servicios prestados por Asociaci\u00f3n de Gu\u00edas Oficiales de Turismo de la Comunitat Valenciana a aquellas personas u organizaciones interesadas en los mismos.<\/p>\n<h2>3. Acceso y utilizaci\u00f3n de la web<\/h2>\n<p>El presente aviso legal regula el uso del sitio web <i>www.agocv.com<\/i> (en adelante, LA WEB), del que es titular AGOCV<\/p>\n<p>La navegaci\u00f3n por la web de AGOCV atribuye la condici\u00f3n de usuario del mismo e implica la aceptaci\u00f3n plena y sin reservas de todas y cada una de las disposiciones incluidas en este Aviso Legal, que pueden sufrir modificaciones.<\/p>\n<p>El sitio web y sus servicios son de acceso libre y gratuito, no obstante, AGOCV condiciona la utilizaci\u00f3n de algunos de los servicios ofrecidos en su web a la previa cumplimentaci\u00f3n del correspondiente formulario.<\/p>\n<p>Todos los contenidos del sitio web, como textos, fotograf\u00edas, gr\u00e1ficos, im\u00e1genes, iconos, tecnolog\u00eda, software, as\u00ed como su dise\u00f1o y c\u00f3digos fuente, constituyen una obra cuya propiedad pertenece a AGOCV, sin que puedan entenderse cedidos al usuario ninguno de los derechos de explotaci\u00f3n sobre los mismos m\u00e1s all\u00e1 de lo estrictamente necesario para el correcto uso de la web.<\/p>\n<p>El usuario garantiza la autenticidad y actualidad de todos aquellos datos que comunique a AGOCV y ser\u00e1 el \u00fanico responsable de las manifestaciones falsas o inexactas que realice.<\/p>\n<p>El usuario se obliga a hacer un uso correcto del sitio web de conformidad con las leyes, la buena fe, el orden p\u00fablico, los usos del tr\u00e1fico y el presente Aviso Legal. El usuario responder\u00e1 frente a AGOCV o frente a terceros, de cualesquiera da\u00f1os y perjuicios que pudieran causarse como consecuencia del incumplimiento de dicha obligaci\u00f3n.<\/p>\n<h2>4. Contenidos de la web<\/h2>\n<p>El idioma utilizado por el titular en la web ser\u00e1 el castellano. Asociaci\u00f3n de Gu\u00edas Oficiales de Turismo de la Comunitat Valenciana no se responsabiliza de la no comprensi\u00f3n o entendimiento del idioma de la web por el usuario, ni de sus consecuencias.<br \/>\nAsociaci\u00f3n de Gu\u00edas Oficiales de Turismo de la Comunitat Valenciana podr\u00e1 modificar los contenidos sin previo aviso, as\u00ed como suprimir y cambiar \u00e9stos dentro de la web, como la forma en que se accede a \u00e9stos, sin justificaci\u00f3n alguna y libremente, no responsabiliz\u00e1ndose de las consecuencias que los mismos puedan ocasionar a los usuarios.<br \/>\nSe proh\u00edbe el uso de los contenidos de la web para promocionar, contratar o divulgar publicidad o informaci\u00f3n propia o de terceras personas sin la autorizaci\u00f3n de Asociaci\u00f3n de Gu\u00edas Oficiales de Turismo de la Comunitat Valenciana, ni remitir publicidad o informaci\u00f3n vali\u00e9ndose para ello de los servicios o informaci\u00f3n que se ponen a disposici\u00f3n de los usuarios, independientemente de si la utilizaci\u00f3n es gratuita o no.<br \/>\nLos enlaces o hiperenlaces que incorporen terceros en sus p\u00e1ginas web, dirigidos a esta web, ser\u00e1n para la apertura de la p\u00e1gina web completa, no pudiendo manifestar, directa o indirectamente, indicaciones falsas, inexactas o confusas, ni incurrir en acciones desleales o il\u00edcitas en contra de Asociaci\u00f3n de Gu\u00edas Oficiales de Turismo de laComunitat Valenciana<\/p>\n<h2>5. Limitaci\u00f3n de responsabilidad<\/h2>\n<p>Tanto el acceso a la web como el uso inconsentido que pueda efectuarse de la informaci\u00f3n contenida en la misma es de la exclusiva responsabilidad de quien lo realiza. Asociaci\u00f3n de Gu\u00edas Oficiales de Turismo de la Comunitat Valenciana no responder\u00e1 de ninguna consecuencia, da\u00f1o o perjuicio que pudieran derivarse de dicho acceso o uso. Asociaci\u00f3n de Gu\u00edas Oficiales de Turismo de la Comunitat Valenciana no se hace responsable de los errores de seguridad, que se puedan producir ni de los da\u00f1os que puedan causarse al sistema inform\u00e1tico del usuario (hardware y software), o a los ficheros o documentos almacenados en el mismo, como consecuencia de:<br \/>\n\u2013 la presencia de un virus en el ordenador del usuario que sea utilizado para la conexi\u00f3n a los servicios y contenidos de la web,<br \/>\n\u2013 un mal funcionamiento del navegador,<br \/>\n\u2013 y\/o del uso de versiones no actualizadas del mismo.<br \/>\nAsociaci\u00f3n de Gu\u00edas Oficiales de Turismo de la Comunitat Valenciana no se hace responsable de la fiabilidad y rapidez de los hiperenlaces que se incorporen en la web para la apertura de otras. Asociaci\u00f3n de Gu\u00edas Oficiales de Turismo de la Comunitat Valenciana no garantiza la utilidad de estos enlaces, ni se responsabiliza de los contenidos o servicios a los que pueda acceder el usuario por medio de estos enlaces, ni del buen funcionamiento de estas webs.<br \/>\nAsociaci\u00f3n de Gu\u00edas Oficiales de Turismo de la Comunitat Valenciana no ser\u00e1 responsable de los virus o dem\u00e1s programas inform\u00e1ticos que deterioren o puedan deteriorar los sistemas o equipos inform\u00e1ticos de los usuarios al acceder a su web u otras webs a las que se haya accedido mediante enlaces de esta web.<\/p>\n<h2>6. Uso de cookies y datos estad\u00edsticos<\/h2>\n<p>Esta p\u00e1gina web puede recoger datos de sus visitantes por medio del uso de cookies, donde se recabar\u00e1 informaci\u00f3n personal relacionada con su navegaci\u00f3n. Para conocer de manera clara y precisa las cookies que utilizamos, cu\u00e1les son sus finalidades y c\u00f3mo puede configurarlas o deshabilitarlas, consulte nuestra <b><i>pol\u00edtica de cookies<\/i><\/b>, en su caso.<\/p>\n<p>El usuario tiene la posibilidad de configurar su navegador de modo que se le informe de la recepci\u00f3n de cookies, pudiendo, si as\u00ed lo desea, impedir que sean instaladas en su disco duro.<\/p>\n<h2>7. Propiedad intelectual e industrial<\/h2>\n<p>Son propiedad de Asociaci\u00f3n de Gu\u00edas Oficiales de Turismo de la Comunitat Valenciana, todos los derechos de propiedad industrial e intelectual de la web, as\u00ed como de los contenidos que alberga. Cualquier uso de la web o sus contenidos deber\u00e1 tener un car\u00e1cter exclusivamente particular. Est\u00e1 reservado exclusivamente a AGOCV, cualquier otro uso que suponga la copia, reproducci\u00f3n, distribuci\u00f3n, transformaci\u00f3n, comunicaci\u00f3n p\u00fablica o cualquier otra acci\u00f3n similar, de todo o parte de los contenidos de la web, por lo que ning\u00fan usuario podr\u00e1 llevar a cabo estas acciones sin la autorizaci\u00f3n previa y por escrito de Asociaci\u00f3n de Gu\u00edas Oficiales de Turismo de la Comunitat Valenciana.<\/p>\n<p>Marca comercial registrada en OEPM. Nombre Comercial N\u00b0. 409.629<\/p>\n<h2>8. Pol\u00edtica de enlaces y exenciones de responsabilidades<\/h2>\n<p>AGOCV no se hace responsable del contenido de las p\u00e1ginas web a las que el usuario pueda acceder a trav\u00e9s de los enlaces establecidos en LA WEB y declara que en ning\u00fan caso proceder\u00e1 a examinar o ejercitar ning\u00fan tipo de control sobre el contenido de otras p\u00e1ginas de la red. Asimismo, tampoco garantizar\u00e1 la disponibilidad t\u00e9cnica, exactitud, veracidad, validez o legalidad de p\u00e1ginas ajenas a su propiedad a las que se pueda acceder por medio de los enlaces.<\/p>\n<p>AGOCV declara haber adoptado todas las medidas necesarias para evitar cualesquiera da\u00f1os que, a los usuarios de LA WEB, pudieran derivarse de la navegaci\u00f3n por la misma. En consecuencia, AGOCV no se hace responsable, en ning\u00fan caso, de los eventuales da\u00f1os que por la navegaci\u00f3n por Internet pudiera sufrir el usuario.<\/p>\n<h2>\u00a09. Pol\u00edtica de privacidad y protecci\u00f3n de datos<\/h2>\n<p>Se le informa que los datos personales que nos facilite voluntariamente, a trav\u00e9s de los distintos formularios de la web, ser\u00e1n tratados por AGOCV con domicilio en\u00a0PASEO DE LA ALAMEDA,37 46023 VALENCIA, que cumple con las medidas de seguridad exigidas en la legislaci\u00f3n vigente en materia de Protecci\u00f3n de Datos de Car\u00e1cter Personal. La finalidad de dicho tratamiento es la descrita en cada uno de los formularios\u00a0 establecidos en la p\u00e1gina web en el que Usted nos haya facilitado sus datos.<\/p>\n<p>Le informamos que sus datos pueden ser utilizados por AGOCV, para fines administrativos internos. Exceptuando el caso anteriormente mencionado, los datos facilitados no ser\u00e1n cedidos a terceros salvo en los casos en que exista una obligaci\u00f3n legal, y se conservar\u00e1n durante el tiempo necesario para atender su solicitud, siempre y cuando no nos indique lo contrario ejerciendo su derecho de supresi\u00f3n, o durante el tiempo necesario para cumplir con las obligaciones legales y atender las posibles responsabilidades que pudieran derivar del cumplimiento de la finalidad para la que los datos fueron recabados.<\/p>\n<p>AGOCV no elaborar\u00e1 ning\u00fan tipo de \u201cperfil\u201d, en base a la informaci\u00f3n facilitada. No se tomar\u00e1n decisiones automatizadas en base a perfiles.<\/p>\n<p>Asimismo, AGOCV cancelar\u00e1 o rectificar\u00e1 los datos cuando resulten inexactos, incompletos o hayan dejado de ser necesarios para su finalidad, de conformidad con lo previsto en la legislaci\u00f3n vigente en materia de Protecci\u00f3n de Datos de Car\u00e1cter Personal.<\/p>\n<p>Mientras no nos comunique lo contrario, entenderemos que sus datos no han sido modificados, que usted se compromete a notificarnos cualquier variaci\u00f3n y que tenemos el consentimiento para utilizarlos a fin de poder fidelizar la relaci\u00f3n entre las partes.<\/p>\n<p>El usuario podr\u00e1 ejercer los derechos de acceso, rectificaci\u00f3n, supresi\u00f3n, oposici\u00f3n, limitaci\u00f3n del tratamiento, portabilidad de datos y a no ser objeto de decisiones individualizadas automatizadas, en relaci\u00f3n con los datos objeto del tratamiento, ante el responsable del tratamiento en la direcci\u00f3n anteriormente mencionada, o por correo electr\u00f3nico a\u00a0 info@guiasoficialescv.com, adjuntando copia de su DNI o documento equivalente. En caso de que no haya obtenido satisfacci\u00f3n en el ejercicio de sus derechos, podr\u00e1 presentar una reclamaci\u00f3n ante la\u00a0 <i>Autoridad de Control en materia Protecci\u00f3n de Datos competente, <\/i>siendo \u00e9sta la <i>Agencia Espa\u00f1ola de Protecci\u00f3n de Datos, <\/i>y cuyos datos de contacto est\u00e1n accesibles en <a href=\"https:\/\/sedeagpd.gob.es\/sede-electronica-web\/vistas\/formNuevaReclamacion\/reclamacion.jsf\"><i>https:\/\/sedeagpd.gob.es\/sede-electronica-web\/vistas\/formNuevaReclamacion\/reclamacion.jsf<\/i><\/a><i>.<\/i><i>\u00a0<\/i><\/p>\n<p>AGOCV adopta las medidas t\u00e9cnicas, controles y procedimientos de car\u00e1cter f\u00edsico, organizativo y tecnol\u00f3gico, razonablemente fiables y efectivos, orientados a preservar la integridad y la seguridad de sus datos y garantizar su privacidad. No obstante, no asume ninguna responsabilidad por los da\u00f1os y perjuicios derivados de alteraciones que terceros puedan causar en los sistemas inform\u00e1ticos, documentos electr\u00f3nicos o ficheros del usuario.<\/p>\n<p>Adem\u00e1s, todo el personal con acceso a los datos personales ha sido formado y tiene conocimiento de sus obligaciones con relaci\u00f3n a los tratamientos de sus datos personales.<\/p>\n<p>En el caso de los contratos que suscribimos con nuestros proveedores incluimos cl\u00e1usulas en las que se les exige mantener el deber de secreto respecto a los datos de car\u00e1cter personal a los que hayan tenido acceso en virtud del encargo realizado, as\u00ed como implantar las medidas de seguridad t\u00e9cnicas y organizativas necesarias para garantizar la confidencialidad, integridad, disponibilidad y resiliencia permanentes de los sistemas y servicios de tratamiento de los datos personales.<\/p>\n<p>Todas estas medidas de seguridad son revisadas de forma peri\u00f3dica para garantizar su adecuaci\u00f3n y efectividad.<\/p>\n<p>Sin embargo, la seguridad absoluta no se puede garantizar y no existe ning\u00fan sistema de seguridad que sea impenetrable por lo que, en el caso de cualquier informaci\u00f3n objeto de tratamiento y bajo nuestro control se viese comprometida como consecuencia de una brecha de seguridad, tomaremos las medidas adecuadas para investigar el incidente, notificarlo a la Autoridad de Control y, en su caso, a aquellos usuarios que se hubieran podido ver afectados para que tomen las medidas adecuadas.<\/p>\n<p>De acuerdo con lo que establece la Ley 34\/2002, de Servicios de la Sociedad de la Informaci\u00f3n y el Comercio Electr\u00f3nico en su art\u00edculo 21, solicitaremos su consentimiento para poder realizar comunicaciones publicitarias que consideremos puedan ser de su inter\u00e9s, por correo electr\u00f3nico o por cualquier otro medio de comunicaci\u00f3n electr\u00f3nica equivalente.<\/p>\n<p>Usted tiene derecho a oponerse y\/o retirar el\/los consentimiento\/s al tratamiento de los datos indicados anteriormente, en su caso, y en cualquier momento, sin que ello afecte a la licitud del tratamiento basado en el consentimiento previo a su retirada, mediante notificaci\u00f3n al responsable del tratamiento en\u00a0 la\/s direcci\u00f3n\/es indicada\/s.<\/p>\n<h2>10. Legislaci\u00f3n aplicable y jurisdicci\u00f3n competente<\/h2>\n<p>El presente Aviso Legal se interpretar\u00e1 y regir\u00e1 de conformidad con la legislaci\u00f3n espa\u00f1ola. Asociaci\u00f3n de Gu\u00edas Oficiales de Turismo de la Comunitat Valenciana y los usuarios, con renuncia expresa a cualquier otro fuero que pudiera corresponderles, se someten al de los juzgados y tribunales del domicilio del usuario para cualquier controversia que pudiera derivarse del acceso o uso de la web. En el caso de que el usuario tenga su domicilio fuera de Espa\u00f1a, Asociaci\u00f3n de Gu\u00edas Oficiales de Turismo de la Comunitat Valenciana y el usuario, se someten, con renuncia expresa a cualquier otro fuero, a los juzgados y tribunales del domicilio de Asociaci\u00f3n de Gu\u00edas Oficiales de Turismo de la Comunitat Valenciana<\/p>\n<\/div>\n","protected":false},"excerpt":{"rendered":"<p>El presente Aviso Legal regula las condiciones generales de acceso y utilizaci\u00f3n del sitio web accesible en la direcci\u00f3n URL https:\/\/guiasoficialescv.com (en adelante, el sitio web), que pone a disposici\u00f3n de los usuarios de Internet. La utilizaci\u00f3n del sitio web implica la aceptaci\u00f3n plena y sin reservas de todas y cada una de las disposiciones incluidas en este Aviso Legal. [&hellip;]<\/p>\n","protected":false},"author":918,"featured_media":0,"parent":0,"menu_order":0,"comment_status":"closed","ping_status":"closed","template":"page-templates\/textos-legales.php","meta":{"_acf_changed":false,"_bbp_topic_count":0,"_bbp_reply_count":0,"_bbp_total_topic_count":0,"_bbp_total_reply_count":0,"_bbp_voice_count":0,"_bbp_anonymous_reply_count":0,"_bbp_topic_count_hidden":0,"_bbp_reply_count_hidden":0,"_bbp_forum_subforum_count":0,"footnotes":""},"class_list":["post-5550","page","type-page","status-publish","hentry"],"acf":[],"yoast_head":"<!-- This site is optimized with the Yoast SEO plugin v27.3 - https:\/\/yoast.com\/product\/yoast-seo-wordpress\/ -->\n<title>Legal warning &#8211; Gu\u00edas Tur\u00edsticos Oficiales Comunidad Valenciana<\/title>\n<meta name=\"robots\" content=\"noindex, follow, max-snippet:-1, max-image-preview:large, max-video-preview:-1\" \/>\n<meta property=\"og:locale\" content=\"en_US\" \/>\n<meta property=\"og:type\" content=\"article\" \/>\n<meta property=\"og:title\" content=\"Legal warning &#8211; Gu\u00edas Tur\u00edsticos Oficiales Comunidad Valenciana\" \/>\n<meta property=\"og:description\" content=\"El presente Aviso Legal regula las condiciones generales de acceso y utilizaci\u00f3n del sitio web accesible en la direcci\u00f3n URL https:\/\/guiasoficialescv.com (en adelante, el sitio web), que pone a disposici\u00f3n de los usuarios de Internet. La utilizaci\u00f3n del sitio web implica la aceptaci\u00f3n plena y sin reservas de todas y cada una de las disposiciones incluidas en este Aviso Legal. [&hellip;]\" \/>\n<meta property=\"og:url\" content=\"https:\/\/dev.guiasoficialescv.es\/en\/legal-warning\/\" \/>\n<meta property=\"og:site_name\" content=\"Gu\u00edas Tur\u00edsticos Oficiales Comunidad Valenciana\" \/>\n<meta property=\"article:publisher\" content=\"https:\/\/www.facebook.com\/GuiasOficialesCV\" \/>\n<meta property=\"article:modified_time\" content=\"2026-04-11T18:45:26+00:00\" \/>\n<meta name=\"twitter:card\" content=\"summary_large_image\" \/>\n<meta name=\"twitter:label1\" content=\"Est. reading time\" \/>\n\t<meta name=\"twitter:data1\" content=\"10 minutes\" \/>\n<script type=\"application\/ld+json\" class=\"yoast-schema-graph\">{\"@context\":\"https:\\\/\\\/schema.org\",\"@graph\":[{\"@type\":\"WebPage\",\"@id\":\"https:\\\/\\\/dev.guiasoficialescv.es\\\/en\\\/legal-warning\\\/\",\"url\":\"https:\\\/\\\/dev.guiasoficialescv.es\\\/en\\\/legal-warning\\\/\",\"name\":\"Legal warning &#8211; Gu\u00edas Tur\u00edsticos Oficiales Comunidad Valenciana\",\"isPartOf\":{\"@id\":\"https:\\\/\\\/dev.guiasoficialescv.es\\\/en\\\/#website\"},\"datePublished\":\"2018-05-29T07:38:34+00:00\",\"dateModified\":\"2026-04-11T18:45:26+00:00\",\"breadcrumb\":{\"@id\":\"https:\\\/\\\/dev.guiasoficialescv.es\\\/en\\\/legal-warning\\\/#breadcrumb\"},\"inLanguage\":\"en-US\",\"potentialAction\":[{\"@type\":\"ReadAction\",\"target\":[\"https:\\\/\\\/dev.guiasoficialescv.es\\\/en\\\/legal-warning\\\/\"]}]},{\"@type\":\"BreadcrumbList\",\"@id\":\"https:\\\/\\\/dev.guiasoficialescv.es\\\/en\\\/legal-warning\\\/#breadcrumb\",\"itemListElement\":[{\"@type\":\"ListItem\",\"position\":1,\"name\":\"Home\",\"item\":\"https:\\\/\\\/dev.guiasoficialescv.es\\\/en\\\/\"},{\"@type\":\"ListItem\",\"position\":2,\"name\":\"Legal warning\"}]},{\"@type\":\"WebSite\",\"@id\":\"https:\\\/\\\/dev.guiasoficialescv.es\\\/en\\\/#website\",\"url\":\"https:\\\/\\\/dev.guiasoficialescv.es\\\/en\\\/\",\"name\":\"Gu\u00edas Tur\u00edsticos Oficiales Comunidad Valenciana\",\"description\":\"Asociaci\u00f3n de Gu\u00edas Oficiales de Turismo en la Comunidad Valenciana\",\"publisher\":{\"@id\":\"https:\\\/\\\/dev.guiasoficialescv.es\\\/en\\\/#organization\"},\"potentialAction\":[{\"@type\":\"SearchAction\",\"target\":{\"@type\":\"EntryPoint\",\"urlTemplate\":\"https:\\\/\\\/dev.guiasoficialescv.es\\\/en\\\/?s={search_term_string}\"},\"query-input\":{\"@type\":\"PropertyValueSpecification\",\"valueRequired\":true,\"valueName\":\"search_term_string\"}}],\"inLanguage\":\"en-US\"},{\"@type\":\"Organization\",\"@id\":\"https:\\\/\\\/dev.guiasoficialescv.es\\\/en\\\/#organization\",\"name\":\"Asociaci\u00f3n Gu\u00edas Oficiales de la Comunidad Valenciana\",\"url\":\"https:\\\/\\\/dev.guiasoficialescv.es\\\/en\\\/\",\"logo\":{\"@type\":\"ImageObject\",\"inLanguage\":\"en-US\",\"@id\":\"https:\\\/\\\/dev.guiasoficialescv.es\\\/en\\\/#\\\/schema\\\/logo\\\/image\\\/\",\"url\":\"https:\\\/\\\/dev.guiasoficialescv.es\\\/wp-content\\\/uploads\\\/2023\\\/08\\\/logotipo-guias-oficiales-comunitat-valenciana.jpg\",\"contentUrl\":\"https:\\\/\\\/dev.guiasoficialescv.es\\\/wp-content\\\/uploads\\\/2023\\\/08\\\/logotipo-guias-oficiales-comunitat-valenciana.jpg\",\"width\":450,\"height\":450,\"caption\":\"Asociaci\u00f3n Gu\u00edas Oficiales de la Comunidad Valenciana\"},\"image\":{\"@id\":\"https:\\\/\\\/dev.guiasoficialescv.es\\\/en\\\/#\\\/schema\\\/logo\\\/image\\\/\"},\"sameAs\":[\"https:\\\/\\\/www.facebook.com\\\/GuiasOficialesCV\"]}]}<\/script>\n<!-- \/ Yoast SEO plugin. -->","yoast_head_json":{"title":"Legal warning &#8211; Gu\u00edas Tur\u00edsticos Oficiales Comunidad Valenciana","robots":{"index":"noindex","follow":"follow","max-snippet":"max-snippet:-1","max-image-preview":"max-image-preview:large","max-video-preview":"max-video-preview:-1"},"og_locale":"en_US","og_type":"article","og_title":"Legal warning &#8211; Gu\u00edas Tur\u00edsticos Oficiales Comunidad Valenciana","og_description":"El presente Aviso Legal regula las condiciones generales de acceso y utilizaci\u00f3n del sitio web accesible en la direcci\u00f3n URL https:\/\/guiasoficialescv.com (en adelante, el sitio web), que pone a disposici\u00f3n de los usuarios de Internet. La utilizaci\u00f3n del sitio web implica la aceptaci\u00f3n plena y sin reservas de todas y cada una de las disposiciones incluidas en este Aviso Legal. [&hellip;]","og_url":"https:\/\/dev.guiasoficialescv.es\/en\/legal-warning\/","og_site_name":"Gu\u00edas Tur\u00edsticos Oficiales Comunidad Valenciana","article_publisher":"https:\/\/www.facebook.com\/GuiasOficialesCV","article_modified_time":"2026-04-11T18:45:26+00:00","twitter_card":"summary_large_image","twitter_misc":{"Est. reading time":"10 minutes"},"schema":{"@context":"https:\/\/schema.org","@graph":[{"@type":"WebPage","@id":"https:\/\/dev.guiasoficialescv.es\/en\/legal-warning\/","url":"https:\/\/dev.guiasoficialescv.es\/en\/legal-warning\/","name":"Legal warning &#8211; Gu\u00edas Tur\u00edsticos Oficiales Comunidad Valenciana","isPartOf":{"@id":"https:\/\/dev.guiasoficialescv.es\/en\/#website"},"datePublished":"2018-05-29T07:38:34+00:00","dateModified":"2026-04-11T18:45:26+00:00","breadcrumb":{"@id":"https:\/\/dev.guiasoficialescv.es\/en\/legal-warning\/#breadcrumb"},"inLanguage":"en-US","potentialAction":[{"@type":"ReadAction","target":["https:\/\/dev.guiasoficialescv.es\/en\/legal-warning\/"]}]},{"@type":"BreadcrumbList","@id":"https:\/\/dev.guiasoficialescv.es\/en\/legal-warning\/#breadcrumb","itemListElement":[{"@type":"ListItem","position":1,"name":"Home","item":"https:\/\/dev.guiasoficialescv.es\/en\/"},{"@type":"ListItem","position":2,"name":"Legal warning"}]},{"@type":"WebSite","@id":"https:\/\/dev.guiasoficialescv.es\/en\/#website","url":"https:\/\/dev.guiasoficialescv.es\/en\/","name":"Gu\u00edas Tur\u00edsticos Oficiales Comunidad Valenciana","description":"Asociaci\u00f3n de Gu\u00edas Oficiales de Turismo en la Comunidad Valenciana","publisher":{"@id":"https:\/\/dev.guiasoficialescv.es\/en\/#organization"},"potentialAction":[{"@type":"SearchAction","target":{"@type":"EntryPoint","urlTemplate":"https:\/\/dev.guiasoficialescv.es\/en\/?s={search_term_string}"},"query-input":{"@type":"PropertyValueSpecification","valueRequired":true,"valueName":"search_term_string"}}],"inLanguage":"en-US"},{"@type":"Organization","@id":"https:\/\/dev.guiasoficialescv.es\/en\/#organization","name":"Asociaci\u00f3n Gu\u00edas Oficiales de la Comunidad Valenciana","url":"https:\/\/dev.guiasoficialescv.es\/en\/","logo":{"@type":"ImageObject","inLanguage":"en-US","@id":"https:\/\/dev.guiasoficialescv.es\/en\/#\/schema\/logo\/image\/","url":"https:\/\/dev.guiasoficialescv.es\/wp-content\/uploads\/2023\/08\/logotipo-guias-oficiales-comunitat-valenciana.jpg","contentUrl":"https:\/\/dev.guiasoficialescv.es\/wp-content\/uploads\/2023\/08\/logotipo-guias-oficiales-comunitat-valenciana.jpg","width":450,"height":450,"caption":"Asociaci\u00f3n Gu\u00edas Oficiales de la Comunidad Valenciana"},"image":{"@id":"https:\/\/dev.guiasoficialescv.es\/en\/#\/schema\/logo\/image\/"},"sameAs":["https:\/\/www.facebook.com\/GuiasOficialesCV"]}]}},"_links":{"self":[{"href":"https:\/\/dev.guiasoficialescv.es\/en\/wp-json\/wp\/v2\/pages\/5550","targetHints":{"allow":["GET"]}}],"collection":[{"href":"https:\/\/dev.guiasoficialescv.es\/en\/wp-json\/wp\/v2\/pages"}],"about":[{"href":"https:\/\/dev.guiasoficialescv.es\/en\/wp-json\/wp\/v2\/types\/page"}],"author":[{"embeddable":true,"href":"https:\/\/dev.guiasoficialescv.es\/en\/wp-json\/wp\/v2\/users\/918"}],"replies":[{"embeddable":true,"href":"https:\/\/dev.guiasoficialescv.es\/en\/wp-json\/wp\/v2\/comments?post=5550"}],"version-history":[{"count":4,"href":"https:\/\/dev.guiasoficialescv.es\/en\/wp-json\/wp\/v2\/pages\/5550\/revisions"}],"predecessor-version":[{"id":9832,"href":"https:\/\/dev.guiasoficialescv.es\/en\/wp-json\/wp\/v2\/pages\/5550\/revisions\/9832"}],"wp:attachment":[{"href":"https:\/\/dev.guiasoficialescv.es\/en\/wp-json\/wp\/v2\/media?parent=5550"}],"curies":[{"name":"wp","href":"https:\/\/api.w.org\/{rel}","templated":true}]}}